{"id":4554,"date":"2026-02-02T19:40:57","date_gmt":"2026-02-02T19:40:57","guid":{"rendered":"https:\/\/marketyapi.com.tr\/?product=felco-alt-cene-vidasi-fc7-8-9-10-13"},"modified":"2026-02-02T19:41:25","modified_gmt":"2026-02-02T19:41:25","slug":"felco-alt-cene-vidasi-fc7-8-9-10-13","status":"publish","type":"product","link":"https:\/\/marketyapi.com.tr\/?product=felco-alt-cene-vidasi-fc7-8-9-10-13","title":{"rendered":"FELCO ALT \u00c7ENE V\u0130DASI FC(7-8-9-10-13)"},"content":{"rendered":"<p>FELCO ALT \u00c7ENE V\u0130DASI FC(7-8-9-10-13)<\/p>\n","protected":false},"excerpt":{"rendered":"<p>FELCO ALT \u00c7ENE V\u0130DASI FC(7-8-9-10-13)<\/p>\n","protected":false},"featured_media":4555,"comment_status":"closed","ping_status":"open","template":"","meta":{"_gspb_post_css":"","content-type":""},"product_brand":[224],"product_cat":[],"product_tag":[],"class_list":{"0":"post-4554","1":"product","2":"type-product","3":"status-publish","4":"has-post-thumbnail","6":"product_brand-felco","8":"first","9":"instock","10":"purchasable","11":"product-type-simple"},"_links":{"self":[{"href":"https:\/\/marketyapi.com.tr\/index.php?rest_route=\/wp\/v2\/product\/4554","targetHints":{"allow":["GET"]}}],"collection":[{"href":"https:\/\/marketyapi.com.tr\/index.php?rest_route=\/wp\/v2\/product"}],"about":[{"href":"https:\/\/marketyapi.com.tr\/index.php?rest_route=\/wp\/v2\/types\/product"}],"replies":[{"embeddable":true,"href":"https:\/\/marketyapi.com.tr\/index.php?rest_route=%2Fwp%2Fv2%2Fcomments&post=4554"}],"wp:featuredmedia":[{"embeddable":true,"href":"https:\/\/marketyapi.com.tr\/index.php?rest_route=\/wp\/v2\/media\/4555"}],"wp:attachment":[{"href":"https:\/\/marketyapi.com.tr\/index.php?rest_route=%2Fwp%2Fv2%2Fmedia&parent=4554"}],"wp:term":[{"taxonomy":"product_brand","embeddable":true,"href":"https:\/\/marketyapi.com.tr\/index.php?rest_route=%2Fwp%2Fv2%2Fproduct_brand&post=4554"},{"taxonomy":"product_cat","embeddable":true,"href":"https:\/\/marketyapi.com.tr\/index.php?rest_route=%2Fwp%2Fv2%2Fproduct_cat&post=4554"},{"taxonomy":"product_tag","embeddable":true,"href":"https:\/\/marketyapi.com.tr\/index.php?rest_route=%2Fwp%2Fv2%2Fproduct_tag&post=4554"}],"curies":[{"name":"wp","href":"https:\/\/api.w.org\/{rel}","templated":true}]}}